{"id":548,"date":"2021-03-20T18:33:17","date_gmt":"2021-03-20T17:33:17","guid":{"rendered":"https:\/\/parafiazalasowa.pl\/edk\/?page_id=548"},"modified":"2021-03-27T17:53:09","modified_gmt":"2021-03-27T16:53:09","slug":"stacja-11a","status":"publish","type":"page","link":"https:\/\/parafiazalasowa.pl\/edk\/stacja-11a\/","title":{"rendered":"Stacja 11"},"content":{"rendered":"\t\t<div data-elementor-type=\"wp-page\" data-elementor-id=\"548\" class=\"elementor elementor-548\">\n\t\t\t\t\t\t\t\t\t<section data-particle_enable=\"false\" data-particle-mobile-disabled=\"false\" class=\"elementor-section elementor-top-section elementor-element elementor-element-23efecf9 elementor-section-full_width animated-slow elementor-section-height-default elementor-section-height-default elementor-invisible\" data-id=\"23efecf9\" data-element_type=\"section\" data-settings=\"{&quot;background_background&quot;:&quot;classic&quot;,&quot;animation&quot;:&quot;zoomIn&quot;,&quot;animation_tablet&quot;:&quot;zoomIn&quot;,&quot;animation_mobile&quot;:&quot;fadeIn&quot;}\">\n\t\t\t\t\t\t<div class=\"elementor-container elementor-column-gap-default\">\n\t\t\t\t\t<div class=\"elementor-column elementor-col-100 elementor-top-column elementor-element elementor-element-4009c059\" data-id=\"4009c059\" data-element_type=\"column\">\n\t\t\t<div class=\"elementor-widget-wrap elementor-element-populated\">\n\t\t\t\t\t\t\t\t<div class=\"elementor-element elementor-element-a9e42fe elementor-widget elementor-widget-spacer\" data-id=\"a9e42fe\" data-element_type=\"widget\" data-widget_type=\"spacer.default\">\n\t\t\t\t<div class=\"elementor-widget-container\">\n\t\t\t\t\t<div class=\"elementor-spacer\">\n\t\t\t<div class=\"elementor-spacer-inner\"><\/div>\n\t\t<\/div>\n\t\t\t\t<\/div>\n\t\t\t\t<\/div>\n\t\t\t\t\t<\/div>\n\t\t<\/div>\n\t\t\t\t\t\t\t<\/div>\n\t\t<\/section>\n\t\t\t\t<section data-particle_enable=\"false\" data-particle-mobile-disabled=\"false\" class=\"elementor-section elementor-top-section elementor-element elementor-element-26f5da9 elementor-section-content-middle animated-slow elementor-section-boxed elementor-section-height-default elementor-section-height-default elementor-invisible\" data-id=\"26f5da9\" data-element_type=\"section\" data-settings=\"{&quot;animation&quot;:&quot;fadeIn&quot;}\">\n\t\t\t\t\t\t<div class=\"elementor-container elementor-column-gap-default\">\n\t\t\t\t\t<div class=\"elementor-column elementor-col-100 elementor-top-column elementor-element elementor-element-f1d1414\" data-id=\"f1d1414\" data-element_type=\"column\">\n\t\t\t<div class=\"elementor-widget-wrap elementor-element-populated\">\n\t\t\t\t\t\t\t\t<div class=\"elementor-element elementor-element-35b35ca elementor-widget elementor-widget-heading\" data-id=\"35b35ca\" data-element_type=\"widget\" data-widget_type=\"heading.default\">\n\t\t\t\t<div class=\"elementor-widget-container\">\n\t\t\t<h2 class=\"elementor-heading-title elementor-size-default\">Stacja XI \u2013 Jezus przybity do krzy\u017ca<\/h2>\t\t<\/div>\n\t\t\t\t<\/div>\n\t\t\t\t<section data-particle_enable=\"false\" data-particle-mobile-disabled=\"false\" class=\"elementor-section elementor-inner-section elementor-element elementor-element-d5be605 elementor-section-content-middle elementor-section-boxed elementor-section-height-default elementor-section-height-default\" data-id=\"d5be605\" data-element_type=\"section\">\n\t\t\t\t\t\t<div class=\"elementor-container elementor-column-gap-default\">\n\t\t\t\t\t<div class=\"elementor-column elementor-col-50 elementor-inner-column elementor-element elementor-element-5e8cb20\" data-id=\"5e8cb20\" data-element_type=\"column\" data-settings=\"{&quot;background_background&quot;:&quot;classic&quot;}\">\n\t\t\t<div class=\"elementor-widget-wrap elementor-element-populated\">\n\t\t\t\t\t\t\t\t<div class=\"elementor-element elementor-element-57c13bf elementor-widget elementor-widget-image\" data-id=\"57c13bf\" data-element_type=\"widget\" data-widget_type=\"image.default\">\n\t\t\t\t<div class=\"elementor-widget-container\">\n\t\t\t\t\t\t\t\t\t\t\t\t\t\t\t<img width=\"768\" height=\"1024\" src=\"https:\/\/parafiazalasowa.pl\/edk\/wp-content\/uploads\/2021\/03\/stacja-11.jpg\" class=\"elementor-animation-float attachment-large size-large\" alt=\"\" loading=\"lazy\" srcset=\"https:\/\/parafiazalasowa.pl\/edk\/wp-content\/uploads\/2021\/03\/stacja-11.jpg 768w, https:\/\/parafiazalasowa.pl\/edk\/wp-content\/uploads\/2021\/03\/stacja-11-270x360.jpg 270w\" sizes=\"(max-width: 768px) 100vw, 768px\" \/>\t\t\t\t\t\t\t\t\t\t\t\t\t\t\t<\/div>\n\t\t\t\t<\/div>\n\t\t\t\t\t<\/div>\n\t\t<\/div>\n\t\t\t\t<div class=\"elementor-column elementor-col-50 elementor-inner-column elementor-element elementor-element-f5da50b\" data-id=\"f5da50b\" data-element_type=\"column\">\n\t\t\t<div class=\"elementor-widget-wrap elementor-element-populated\">\n\t\t\t\t\t\t\t\t<div class=\"elementor-element elementor-element-10551826 elementor-widget elementor-widget-text-editor\" data-id=\"10551826\" data-element_type=\"widget\" data-widget_type=\"text-editor.default\">\n\t\t\t\t<div class=\"elementor-widget-container\">\n\t\t\t\t\t\t\t<p>W momencie, kiedy popchni\u0119to Ci\u0119 i rzucono na krzy\u017c, mo\u017ce przed Twoimi oczami, Panie Jezu, Synu Boga Najwy\u017cszego, pojawi\u0142 si\u0119 inny syn, zwi\u0105zany i z\u0142o\u017cony na stosie drewna? Pewnie wiele razy, jako m\u0142ody ch\u0142opiec, s\u0142ysza\u0142e\u015b z ust Twojego Opiekuna, J\u00f3zefa, histori\u0119 Izaaka, kt\u00f3rego jego ojciec Abraham zaprowadzi\u0142 na g\u00f3r\u0119 Moria, aby tam ofiarowa\u0107 go Bogu. Za ka\u017cdym razem, gdy J\u00f3zef opowiada\u0142 to biblijne wydarzenie, czu\u0142e\u015b jak jego ojcowska dusza zespala si\u0119 z ojcowsk\u0105 dusz\u0105 Abrahama. J\u00f3zef wiedzia\u0142, \u017ce tak jak Izaak by\u0142 dla Abrahama darem Boga, tak Ty by\u0142e\u015b darem dla Niego, dlatego jak Abraham by\u0142 gotowy na ka\u017cde \u017c\u0105danie Boga. Od pocz\u0105tku, a zw\u0142aszcza od dnia odnalezienia Ciebie w \u015bwi\u0105tyni, gdy jako dwunastoletni ch\u0142opiec zosta\u0142e\u015b tam, aby spotka\u0107 si\u0119 z Nauczycielami Izraela, by\u0142 \u015bwiadomy, \u017ce jest tylko cieniem Ojca Niebieskiego, kt\u00f3rego sprawy s\u0105 dla Ciebie najwa\u017cniejsze.<\/p><p>Teraz, Panie Jezu, le\u017c\u0105c na twardym o\u0142tarzu krzy\u017ca, widzisz unosz\u0105c\u0105 si\u0119 r\u0119k\u0119 oprawcy z \u017celaznym m\u0142otem w d\u0142oni. Wiesz, \u017ce B\u00f3g, Tw\u00f3j Ojciec, nie po\u015ble anio\u0142a, aby zatrzyma\u0142 uderzenie. Ono spadnie na Ciebie i t\u0119pe gwo\u017adzie rozedr\u0105 Twoje r\u0119ce i nogi.<\/p>\t\t\t\t\t\t<\/div>\n\t\t\t\t<\/div>\n\t\t\t\t\t<\/div>\n\t\t<\/div>\n\t\t\t\t\t\t\t<\/div>\n\t\t<\/section>\n\t\t\t\t<div class=\"elementor-element elementor-element-d827126 elementor-widget elementor-widget-text-editor\" data-id=\"d827126\" data-element_type=\"widget\" data-widget_type=\"text-editor.default\">\n\t\t\t\t<div class=\"elementor-widget-container\">\n\t\t\t\t\t\t\t<p>Abraham zapowiedzia\u0142, \u017ce B\u00f3g upatrzy sobie baranka na ofiar\u0119 i oto ofiara si\u0119 dokona\u0142a.<\/p><p>Jak ja prze\u017cywam strat\u0119, \u015bmier\u0107 moich bliskich? Czy umiem odda\u0107 ich Bogu?<\/p><p>Panie Jezu Chryste, wraz ze \u015bw. J\u00f3zefem, \u015awiat\u0142em Patriarch\u00f3w, prosz\u0119 Ci\u0119 za matki i ojc\u00f3w prze\u017cywaj\u0105cych \u015bmier\u0107 swoich dzieci, aby umieli w \u015bwietle wiary prze\u017cywa\u0107 trudne do\u015bwiadczenie i nigdy nie zw\u0105tpili w czu\u0142\u0105 mi\u0142o\u015b\u0107 Twojego Ojca.<\/p>\t\t\t\t\t\t<\/div>\n\t\t\t\t<\/div>\n\t\t\t\t\t<\/div>\n\t\t<\/div>\n\t\t\t\t\t\t\t<\/div>\n\t\t<\/section>\n\t\t\t\t<section data-particle_enable=\"false\" data-particle-mobile-disabled=\"false\" class=\"elementor-section elementor-top-section elementor-element elementor-element-9b2c166 animated-slow elementor-section-boxed elementor-section-height-default elementor-section-height-default elementor-invisible\" data-id=\"9b2c166\" data-element_type=\"section\" data-settings=\"{&quot;background_background&quot;:&quot;classic&quot;,&quot;animation&quot;:&quot;zoomIn&quot;}\">\n\t\t\t\t\t\t<div class=\"elementor-container elementor-column-gap-default\">\n\t\t\t\t\t<div class=\"elementor-column elementor-col-33 elementor-top-column elementor-element elementor-element-06514c4\" data-id=\"06514c4\" data-element_type=\"column\" data-settings=\"{&quot;background_background&quot;:&quot;classic&quot;}\">\n\t\t\t<div class=\"elementor-widget-wrap elementor-element-populated\">\n\t\t\t\t\t\t\t\t<div class=\"elementor-element elementor-element-ceb0199 elementor-align-center elementor-icon-list--layout-traditional elementor-list-item-link-full_width elementor-widget elementor-widget-icon-list\" data-id=\"ceb0199\" data-element_type=\"widget\" data-widget_type=\"icon-list.default\">\n\t\t\t\t<div class=\"elementor-widget-container\">\n\t\t\t\t\t<ul class=\"elementor-icon-list-items\">\n\t\t\t\t\t\t\t<li class=\"elementor-icon-list-item\">\n\t\t\t\t\t\t\t\t\t\t\t<a href=\"https:\/\/parafiazalasowa.pl\/edk\/stacja-10a\/\">\n\n\t\t\t\t\t\t\t\t\t\t\t\t<span class=\"elementor-icon-list-icon\">\n\t\t\t\t\t\t\t<i aria-hidden=\"true\" class=\"far fa-arrow-alt-circle-left\"><\/i>\t\t\t\t\t\t<\/span>\n\t\t\t\t\t\t\t\t\t\t<span class=\"elementor-icon-list-text\">DO TY\u0141U<\/span>\n\t\t\t\t\t\t\t\t\t\t\t<\/a>\n\t\t\t\t\t\t\t\t\t<\/li>\n\t\t\t\t\t\t<\/ul>\n\t\t\t\t<\/div>\n\t\t\t\t<\/div>\n\t\t\t\t\t<\/div>\n\t\t<\/div>\n\t\t\t\t<div class=\"elementor-column elementor-col-33 elementor-top-column elementor-element elementor-element-1781fef\" data-id=\"1781fef\" data-element_type=\"column\" data-settings=\"{&quot;background_background&quot;:&quot;classic&quot;}\">\n\t\t\t<div class=\"elementor-widget-wrap elementor-element-populated\">\n\t\t\t\t\t\t\t\t<div class=\"elementor-element elementor-element-28e6598 elementor-align-center elementor-icon-list--layout-traditional elementor-list-item-link-full_width elementor-widget elementor-widget-icon-list\" data-id=\"28e6598\" data-element_type=\"widget\" data-widget_type=\"icon-list.default\">\n\t\t\t\t<div class=\"elementor-widget-container\">\n\t\t\t\t\t<ul class=\"elementor-icon-list-items\">\n\t\t\t\t\t\t\t<li class=\"elementor-icon-list-item\">\n\t\t\t\t\t\t\t\t\t\t\t<a href=\"https:\/\/parafiazalasowa.pl\/edk\/#stacje\">\n\n\t\t\t\t\t\t\t\t\t\t\t\t<span class=\"elementor-icon-list-icon\">\n\t\t\t\t\t\t\t<i aria-hidden=\"true\" class=\"far fa-arrow-alt-circle-down\"><\/i>\t\t\t\t\t\t<\/span>\n\t\t\t\t\t\t\t\t\t\t<span class=\"elementor-icon-list-text\">POWR\u00d3T<\/span>\n\t\t\t\t\t\t\t\t\t\t\t<\/a>\n\t\t\t\t\t\t\t\t\t<\/li>\n\t\t\t\t\t\t<\/ul>\n\t\t\t\t<\/div>\n\t\t\t\t<\/div>\n\t\t\t\t\t<\/div>\n\t\t<\/div>\n\t\t\t\t<div class=\"elementor-column elementor-col-33 elementor-top-column elementor-element elementor-element-305d0bf\" data-id=\"305d0bf\" data-element_type=\"column\" data-settings=\"{&quot;background_background&quot;:&quot;classic&quot;}\">\n\t\t\t<div class=\"elementor-widget-wrap elementor-element-populated\">\n\t\t\t\t\t\t\t\t<div class=\"elementor-element elementor-element-b05ca9a elementor-align-center elementor-icon-list--layout-traditional elementor-list-item-link-full_width elementor-widget elementor-widget-icon-list\" data-id=\"b05ca9a\" data-element_type=\"widget\" data-widget_type=\"icon-list.default\">\n\t\t\t\t<div class=\"elementor-widget-container\">\n\t\t\t\t\t<ul class=\"elementor-icon-list-items\">\n\t\t\t\t\t\t\t<li class=\"elementor-icon-list-item\">\n\t\t\t\t\t\t\t\t\t\t\t<a href=\"https:\/\/parafiazalasowa.pl\/edk\/stacja-12a\/\">\n\n\t\t\t\t\t\t\t\t\t\t\t\t<span class=\"elementor-icon-list-icon\">\n\t\t\t\t\t\t\t<i aria-hidden=\"true\" class=\"far fa-arrow-alt-circle-right\"><\/i>\t\t\t\t\t\t<\/span>\n\t\t\t\t\t\t\t\t\t\t<span class=\"elementor-icon-list-text\">DO PRZODU<\/span>\n\t\t\t\t\t\t\t\t\t\t\t<\/a>\n\t\t\t\t\t\t\t\t\t<\/li>\n\t\t\t\t\t\t<\/ul>\n\t\t\t\t<\/div>\n\t\t\t\t<\/div>\n\t\t\t\t\t<\/div>\n\t\t<\/div>\n\t\t\t\t\t\t\t<\/div>\n\t\t<\/section>\n\t\t\t\t\t\t\t<\/div>\n\t\t","protected":false},"excerpt":{"rendered":"<p>Stacja XI \u2013 Jezus przybity do krzy\u017ca W momencie, kiedy popchni\u0119to Ci\u0119 i rzucono na krzy\u017c, mo\u017ce przed Twoimi oczami, Panie Jezu, Synu Boga Najwy\u017cszego, pojawi\u0142 si\u0119 inny syn, zwi\u0105zany i z\u0142o\u017cony na stosie drewna? Pewnie wiele razy, jako m\u0142ody ch\u0142opiec, s\u0142ysza\u0142e\u015b z ust Twojego Opiekuna, J\u00f3zefa, histori\u0119 Izaaka, kt\u00f3rego jego ojciec Abraham zaprowadzi\u0142 na [&hellip;]<\/p>\n","protected":false},"author":1,"featured_media":0,"parent":0,"menu_order":21,"comment_status":"closed","ping_status":"closed","template":"templates\/landing.php","meta":[],"_links":{"self":[{"href":"https:\/\/parafiazalasowa.pl\/edk\/wp-json\/wp\/v2\/pages\/548"}],"collection":[{"href":"https:\/\/parafiazalasowa.pl\/edk\/wp-json\/wp\/v2\/pages"}],"about":[{"href":"https:\/\/parafiazalasowa.pl\/edk\/wp-json\/wp\/v2\/types\/page"}],"author":[{"embeddable":true,"href":"https:\/\/parafiazalasowa.pl\/edk\/wp-json\/wp\/v2\/users\/1"}],"replies":[{"embeddable":true,"href":"https:\/\/parafiazalasowa.pl\/edk\/wp-json\/wp\/v2\/comments?post=548"}],"version-history":[{"count":16,"href":"https:\/\/parafiazalasowa.pl\/edk\/wp-json\/wp\/v2\/pages\/548\/revisions"}],"predecessor-version":[{"id":730,"href":"https:\/\/parafiazalasowa.pl\/edk\/wp-json\/wp\/v2\/pages\/548\/revisions\/730"}],"wp:attachment":[{"href":"https:\/\/parafiazalasowa.pl\/edk\/wp-json\/wp\/v2\/media?parent=548"}],"curies":[{"name":"wp","href":"https:\/\/api.w.org\/{rel}","templated":true}]}}