{"id":565,"date":"2021-03-20T18:42:38","date_gmt":"2021-03-20T17:42:38","guid":{"rendered":"https:\/\/parafiazalasowa.pl\/edk\/?page_id=565"},"modified":"2021-03-27T17:55:02","modified_gmt":"2021-03-27T16:55:02","slug":"stacja-12a","status":"publish","type":"page","link":"https:\/\/parafiazalasowa.pl\/edk\/stacja-12a\/","title":{"rendered":"Stacja 12"},"content":{"rendered":"\t\t<div data-elementor-type=\"wp-page\" data-elementor-id=\"565\" class=\"elementor elementor-565\">\n\t\t\t\t\t\t\t\t\t<section data-particle_enable=\"false\" data-particle-mobile-disabled=\"false\" class=\"elementor-section elementor-top-section elementor-element elementor-element-23efecf9 elementor-section-full_width animated-slow elementor-section-height-default elementor-section-height-default elementor-invisible\" data-id=\"23efecf9\" data-element_type=\"section\" data-settings=\"{&quot;background_background&quot;:&quot;classic&quot;,&quot;animation&quot;:&quot;zoomIn&quot;,&quot;animation_tablet&quot;:&quot;zoomIn&quot;,&quot;animation_mobile&quot;:&quot;fadeIn&quot;}\">\n\t\t\t\t\t\t<div class=\"elementor-container elementor-column-gap-default\">\n\t\t\t\t\t<div class=\"elementor-column elementor-col-100 elementor-top-column elementor-element elementor-element-4009c059\" data-id=\"4009c059\" data-element_type=\"column\">\n\t\t\t<div class=\"elementor-widget-wrap elementor-element-populated\">\n\t\t\t\t\t\t\t\t<div class=\"elementor-element elementor-element-a9e42fe elementor-widget elementor-widget-spacer\" data-id=\"a9e42fe\" data-element_type=\"widget\" data-widget_type=\"spacer.default\">\n\t\t\t\t<div class=\"elementor-widget-container\">\n\t\t\t\t\t<div class=\"elementor-spacer\">\n\t\t\t<div class=\"elementor-spacer-inner\"><\/div>\n\t\t<\/div>\n\t\t\t\t<\/div>\n\t\t\t\t<\/div>\n\t\t\t\t\t<\/div>\n\t\t<\/div>\n\t\t\t\t\t\t\t<\/div>\n\t\t<\/section>\n\t\t\t\t<section data-particle_enable=\"false\" data-particle-mobile-disabled=\"false\" class=\"elementor-section elementor-top-section elementor-element elementor-element-26f5da9 elementor-section-content-middle animated-slow elementor-section-boxed elementor-section-height-default elementor-section-height-default elementor-invisible\" data-id=\"26f5da9\" data-element_type=\"section\" data-settings=\"{&quot;animation&quot;:&quot;fadeIn&quot;}\">\n\t\t\t\t\t\t<div class=\"elementor-container elementor-column-gap-default\">\n\t\t\t\t\t<div class=\"elementor-column elementor-col-100 elementor-top-column elementor-element elementor-element-f1d1414\" data-id=\"f1d1414\" data-element_type=\"column\">\n\t\t\t<div class=\"elementor-widget-wrap elementor-element-populated\">\n\t\t\t\t\t\t\t\t<div class=\"elementor-element elementor-element-35b35ca elementor-widget elementor-widget-heading\" data-id=\"35b35ca\" data-element_type=\"widget\" data-widget_type=\"heading.default\">\n\t\t\t\t<div class=\"elementor-widget-container\">\n\t\t\t<h2 class=\"elementor-heading-title elementor-size-default\">Stacja XII \u2013 Jezus umiera na krzy\u017cu<\/h2>\t\t<\/div>\n\t\t\t\t<\/div>\n\t\t\t\t<section data-particle_enable=\"false\" data-particle-mobile-disabled=\"false\" class=\"elementor-section elementor-inner-section elementor-element elementor-element-d5be605 elementor-section-content-middle elementor-section-boxed elementor-section-height-default elementor-section-height-default\" data-id=\"d5be605\" data-element_type=\"section\">\n\t\t\t\t\t\t<div class=\"elementor-container elementor-column-gap-default\">\n\t\t\t\t\t<div class=\"elementor-column elementor-col-50 elementor-inner-column elementor-element elementor-element-5e8cb20\" data-id=\"5e8cb20\" data-element_type=\"column\" data-settings=\"{&quot;background_background&quot;:&quot;classic&quot;}\">\n\t\t\t<div class=\"elementor-widget-wrap elementor-element-populated\">\n\t\t\t\t\t\t\t\t<div class=\"elementor-element elementor-element-57c13bf elementor-widget elementor-widget-image\" data-id=\"57c13bf\" data-element_type=\"widget\" data-widget_type=\"image.default\">\n\t\t\t\t<div class=\"elementor-widget-container\">\n\t\t\t\t\t\t\t\t\t\t\t\t\t\t\t<img width=\"768\" height=\"1024\" src=\"https:\/\/parafiazalasowa.pl\/edk\/wp-content\/uploads\/2021\/03\/stacja-12.jpg\" class=\"elementor-animation-float attachment-large size-large\" alt=\"\" loading=\"lazy\" srcset=\"https:\/\/parafiazalasowa.pl\/edk\/wp-content\/uploads\/2021\/03\/stacja-12.jpg 768w, https:\/\/parafiazalasowa.pl\/edk\/wp-content\/uploads\/2021\/03\/stacja-12-270x360.jpg 270w\" sizes=\"(max-width: 768px) 100vw, 768px\" \/>\t\t\t\t\t\t\t\t\t\t\t\t\t\t\t<\/div>\n\t\t\t\t<\/div>\n\t\t\t\t\t<\/div>\n\t\t<\/div>\n\t\t\t\t<div class=\"elementor-column elementor-col-50 elementor-inner-column elementor-element elementor-element-f5da50b\" data-id=\"f5da50b\" data-element_type=\"column\">\n\t\t\t<div class=\"elementor-widget-wrap elementor-element-populated\">\n\t\t\t\t\t\t\t\t<div class=\"elementor-element elementor-element-10551826 elementor-widget elementor-widget-text-editor\" data-id=\"10551826\" data-element_type=\"widget\" data-widget_type=\"text-editor.default\">\n\t\t\t\t<div class=\"elementor-widget-container\">\n\t\t\t\t\t\t\t<p>Kiedy z wysoko\u015bci krzy\u017ca wo\u0142asz, Panie Jezu, te brzemienne w tre\u015bci s\u0142owa: \u201eWykona\u0142o si\u0119\u201d chcesz niejako podzi\u0119kowa\u0107 wszystkim, kt\u00f3rzy razem z Tob\u0105 podj\u0119li si\u0119 dzie\u0142a zbawienia. Swoje boskie \u201edzi\u0119kuj\u0119\u201d kierujesz przede wszystkim do Maryi, swojej Matki, i do J\u00f3zefa, swojego Opiekuna. To dzi\u0119ki Ich zgodzie na przyj\u0119cie Ciebie, Wcielonego Boga, dzie\u0142o to mog\u0142o si\u0119 realizowa\u0107. Do ka\u017cdego z Nich B\u00f3g, Tw\u00f3j Ojciec, pos\u0142a\u0142 anio\u0142a, zwiastuna, i obydwoje, Maryja i J\u00f3zef, powiedzieli swoje fiat. Przyj\u0119li wol\u0119 Bo\u017c\u0105 i wyrazili gotowo\u015b\u0107 wype\u0142nienia jej do ko\u0144ca. Teraz Ty, rozpi\u0119ty na krzy\u017cu, w momencie swego konania, obwieszczasz, \u017ce oto nadszed\u0142 koniec i wszystko zosta\u0142o wype\u0142nione, wykonane. Dzie\u0142o zbawienia \u015bwiata, pojednania ludzko\u015bci z Bogiem sta\u0142o si\u0119 faktem.<\/p>\t\t\t\t\t\t<\/div>\n\t\t\t\t<\/div>\n\t\t\t\t\t<\/div>\n\t\t<\/div>\n\t\t\t\t\t\t\t<\/div>\n\t\t<\/section>\n\t\t\t\t<div class=\"elementor-element elementor-element-d827126 elementor-widget elementor-widget-text-editor\" data-id=\"d827126\" data-element_type=\"widget\" data-widget_type=\"text-editor.default\">\n\t\t\t\t<div class=\"elementor-widget-container\">\n\t\t\t\t\t\t\t<p>Czy ja umiem dostrzega\u0107 ludzi obecnych na drodze mojego \u017cycia i powo\u0142ania, kt\u00f3rzy na r\u00f3\u017cny spos\u00f3b pomagaj\u0105 mi wype\u0142ni\u0107 misj\u0119 zlecon\u0105 mi przez Boga? Czy potrafi\u0119 w\u0142\u0105cza\u0107 ich w swoje zadania i okazywa\u0107 im swoj\u0105 wdzi\u0119czno\u015b\u0107?<\/p><p>Panie Jezu Chryste, wraz ze \u015bw. J\u00f3zefem, Opiekunem Ko\u015bcio\u0142a \u015bwi\u0119tego, prosz\u0119 Ci\u0119 za wszystkich, kt\u00f3rym zlecona jest misja towarzyszenia innym i prowadzenia ich drogami zbawienia, aby pe\u0142nili j\u0105 z ca\u0142\u0105 odpowiedzialno\u015bci\u0105 i zaanga\u017cowaniem i we wszystkim szukali woli Twojego Ojca.<\/p>\t\t\t\t\t\t<\/div>\n\t\t\t\t<\/div>\n\t\t\t\t\t<\/div>\n\t\t<\/div>\n\t\t\t\t\t\t\t<\/div>\n\t\t<\/section>\n\t\t\t\t<section data-particle_enable=\"false\" data-particle-mobile-disabled=\"false\" class=\"elementor-section elementor-top-section elementor-element elementor-element-9b2c166 animated-slow elementor-section-boxed elementor-section-height-default elementor-section-height-default elementor-invisible\" data-id=\"9b2c166\" data-element_type=\"section\" data-settings=\"{&quot;background_background&quot;:&quot;classic&quot;,&quot;animation&quot;:&quot;zoomIn&quot;}\">\n\t\t\t\t\t\t<div class=\"elementor-container elementor-column-gap-default\">\n\t\t\t\t\t<div class=\"elementor-column elementor-col-33 elementor-top-column elementor-element elementor-element-06514c4\" data-id=\"06514c4\" data-element_type=\"column\" data-settings=\"{&quot;background_background&quot;:&quot;classic&quot;}\">\n\t\t\t<div class=\"elementor-widget-wrap elementor-element-populated\">\n\t\t\t\t\t\t\t\t<div class=\"elementor-element elementor-element-ceb0199 elementor-align-center elementor-icon-list--layout-traditional elementor-list-item-link-full_width elementor-widget elementor-widget-icon-list\" data-id=\"ceb0199\" data-element_type=\"widget\" data-widget_type=\"icon-list.default\">\n\t\t\t\t<div class=\"elementor-widget-container\">\n\t\t\t\t\t<ul class=\"elementor-icon-list-items\">\n\t\t\t\t\t\t\t<li class=\"elementor-icon-list-item\">\n\t\t\t\t\t\t\t\t\t\t\t<a href=\"https:\/\/parafiazalasowa.pl\/edk\/stacja-11a\/\">\n\n\t\t\t\t\t\t\t\t\t\t\t\t<span class=\"elementor-icon-list-icon\">\n\t\t\t\t\t\t\t<i aria-hidden=\"true\" class=\"far fa-arrow-alt-circle-left\"><\/i>\t\t\t\t\t\t<\/span>\n\t\t\t\t\t\t\t\t\t\t<span class=\"elementor-icon-list-text\">DO TY\u0141U<\/span>\n\t\t\t\t\t\t\t\t\t\t\t<\/a>\n\t\t\t\t\t\t\t\t\t<\/li>\n\t\t\t\t\t\t<\/ul>\n\t\t\t\t<\/div>\n\t\t\t\t<\/div>\n\t\t\t\t\t<\/div>\n\t\t<\/div>\n\t\t\t\t<div class=\"elementor-column elementor-col-33 elementor-top-column elementor-element elementor-element-1781fef\" data-id=\"1781fef\" data-element_type=\"column\" data-settings=\"{&quot;background_background&quot;:&quot;classic&quot;}\">\n\t\t\t<div class=\"elementor-widget-wrap elementor-element-populated\">\n\t\t\t\t\t\t\t\t<div class=\"elementor-element elementor-element-28e6598 elementor-align-center elementor-icon-list--layout-traditional elementor-list-item-link-full_width elementor-widget elementor-widget-icon-list\" data-id=\"28e6598\" data-element_type=\"widget\" data-widget_type=\"icon-list.default\">\n\t\t\t\t<div class=\"elementor-widget-container\">\n\t\t\t\t\t<ul class=\"elementor-icon-list-items\">\n\t\t\t\t\t\t\t<li class=\"elementor-icon-list-item\">\n\t\t\t\t\t\t\t\t\t\t\t<a href=\"https:\/\/parafiazalasowa.pl\/edk\/#stacje\">\n\n\t\t\t\t\t\t\t\t\t\t\t\t<span class=\"elementor-icon-list-icon\">\n\t\t\t\t\t\t\t<i aria-hidden=\"true\" class=\"far fa-arrow-alt-circle-down\"><\/i>\t\t\t\t\t\t<\/span>\n\t\t\t\t\t\t\t\t\t\t<span class=\"elementor-icon-list-text\">POWR\u00d3T<\/span>\n\t\t\t\t\t\t\t\t\t\t\t<\/a>\n\t\t\t\t\t\t\t\t\t<\/li>\n\t\t\t\t\t\t<\/ul>\n\t\t\t\t<\/div>\n\t\t\t\t<\/div>\n\t\t\t\t\t<\/div>\n\t\t<\/div>\n\t\t\t\t<div class=\"elementor-column elementor-col-33 elementor-top-column elementor-element elementor-element-305d0bf\" data-id=\"305d0bf\" data-element_type=\"column\" data-settings=\"{&quot;background_background&quot;:&quot;classic&quot;}\">\n\t\t\t<div class=\"elementor-widget-wrap elementor-element-populated\">\n\t\t\t\t\t\t\t\t<div class=\"elementor-element elementor-element-b05ca9a elementor-align-center elementor-icon-list--layout-traditional elementor-list-item-link-full_width elementor-widget elementor-widget-icon-list\" data-id=\"b05ca9a\" data-element_type=\"widget\" data-widget_type=\"icon-list.default\">\n\t\t\t\t<div class=\"elementor-widget-container\">\n\t\t\t\t\t<ul class=\"elementor-icon-list-items\">\n\t\t\t\t\t\t\t<li class=\"elementor-icon-list-item\">\n\t\t\t\t\t\t\t\t\t\t\t<a href=\"https:\/\/parafiazalasowa.pl\/edk\/stacja-13a\/\">\n\n\t\t\t\t\t\t\t\t\t\t\t\t<span class=\"elementor-icon-list-icon\">\n\t\t\t\t\t\t\t<i aria-hidden=\"true\" class=\"far fa-arrow-alt-circle-right\"><\/i>\t\t\t\t\t\t<\/span>\n\t\t\t\t\t\t\t\t\t\t<span class=\"elementor-icon-list-text\">DO PRZODU<\/span>\n\t\t\t\t\t\t\t\t\t\t\t<\/a>\n\t\t\t\t\t\t\t\t\t<\/li>\n\t\t\t\t\t\t<\/ul>\n\t\t\t\t<\/div>\n\t\t\t\t<\/div>\n\t\t\t\t\t<\/div>\n\t\t<\/div>\n\t\t\t\t\t\t\t<\/div>\n\t\t<\/section>\n\t\t\t\t\t\t\t<\/div>\n\t\t","protected":false},"excerpt":{"rendered":"<p>Stacja XII \u2013 Jezus umiera na krzy\u017cu Kiedy z wysoko\u015bci krzy\u017ca wo\u0142asz, Panie Jezu, te brzemienne w tre\u015bci s\u0142owa: \u201eWykona\u0142o si\u0119\u201d chcesz niejako podzi\u0119kowa\u0107 wszystkim, kt\u00f3rzy razem z Tob\u0105 podj\u0119li si\u0119 dzie\u0142a zbawienia. Swoje boskie \u201edzi\u0119kuj\u0119\u201d kierujesz przede wszystkim do Maryi, swojej Matki, i do J\u00f3zefa, swojego Opiekuna. To dzi\u0119ki Ich zgodzie na przyj\u0119cie Ciebie, [&hellip;]<\/p>\n","protected":false},"author":1,"featured_media":0,"parent":0,"menu_order":22,"comment_status":"closed","ping_status":"closed","template":"templates\/landing.php","meta":[],"_links":{"self":[{"href":"https:\/\/parafiazalasowa.pl\/edk\/wp-json\/wp\/v2\/pages\/565"}],"collection":[{"href":"https:\/\/parafiazalasowa.pl\/edk\/wp-json\/wp\/v2\/pages"}],"about":[{"href":"https:\/\/parafiazalasowa.pl\/edk\/wp-json\/wp\/v2\/types\/page"}],"author":[{"embeddable":true,"href":"https:\/\/parafiazalasowa.pl\/edk\/wp-json\/wp\/v2\/users\/1"}],"replies":[{"embeddable":true,"href":"https:\/\/parafiazalasowa.pl\/edk\/wp-json\/wp\/v2\/comments?post=565"}],"version-history":[{"count":13,"href":"https:\/\/parafiazalasowa.pl\/edk\/wp-json\/wp\/v2\/pages\/565\/revisions"}],"predecessor-version":[{"id":733,"href":"https:\/\/parafiazalasowa.pl\/edk\/wp-json\/wp\/v2\/pages\/565\/revisions\/733"}],"wp:attachment":[{"href":"https:\/\/parafiazalasowa.pl\/edk\/wp-json\/wp\/v2\/media?parent=565"}],"curies":[{"name":"wp","href":"https:\/\/api.w.org\/{rel}","templated":true}]}}