{"id":588,"date":"2021-03-20T19:32:03","date_gmt":"2021-03-20T18:32:03","guid":{"rendered":"https:\/\/parafiazalasowa.pl\/edk\/?page_id=588"},"modified":"2021-03-27T17:59:04","modified_gmt":"2021-03-27T16:59:04","slug":"stacja-14a","status":"publish","type":"page","link":"https:\/\/parafiazalasowa.pl\/edk\/stacja-14a\/","title":{"rendered":"Stacja 14"},"content":{"rendered":"\t\t<div data-elementor-type=\"wp-page\" data-elementor-id=\"588\" class=\"elementor elementor-588\">\n\t\t\t\t\t\t\t\t\t<section data-particle_enable=\"false\" data-particle-mobile-disabled=\"false\" class=\"elementor-section elementor-top-section elementor-element elementor-element-23efecf9 elementor-section-full_width animated-slow elementor-section-height-default elementor-section-height-default elementor-invisible\" data-id=\"23efecf9\" data-element_type=\"section\" data-settings=\"{&quot;background_background&quot;:&quot;classic&quot;,&quot;animation&quot;:&quot;zoomIn&quot;,&quot;animation_tablet&quot;:&quot;zoomIn&quot;,&quot;animation_mobile&quot;:&quot;fadeIn&quot;}\">\n\t\t\t\t\t\t<div class=\"elementor-container elementor-column-gap-default\">\n\t\t\t\t\t<div class=\"elementor-column elementor-col-100 elementor-top-column elementor-element elementor-element-4009c059\" data-id=\"4009c059\" data-element_type=\"column\">\n\t\t\t<div class=\"elementor-widget-wrap elementor-element-populated\">\n\t\t\t\t\t\t\t\t<div class=\"elementor-element elementor-element-a9e42fe elementor-widget elementor-widget-spacer\" data-id=\"a9e42fe\" data-element_type=\"widget\" data-widget_type=\"spacer.default\">\n\t\t\t\t<div class=\"elementor-widget-container\">\n\t\t\t\t\t<div class=\"elementor-spacer\">\n\t\t\t<div class=\"elementor-spacer-inner\"><\/div>\n\t\t<\/div>\n\t\t\t\t<\/div>\n\t\t\t\t<\/div>\n\t\t\t\t\t<\/div>\n\t\t<\/div>\n\t\t\t\t\t\t\t<\/div>\n\t\t<\/section>\n\t\t\t\t<section data-particle_enable=\"false\" data-particle-mobile-disabled=\"false\" class=\"elementor-section elementor-top-section elementor-element elementor-element-26f5da9 elementor-section-content-middle animated-slow elementor-section-boxed elementor-section-height-default elementor-section-height-default elementor-invisible\" data-id=\"26f5da9\" data-element_type=\"section\" data-settings=\"{&quot;animation&quot;:&quot;fadeIn&quot;}\">\n\t\t\t\t\t\t<div class=\"elementor-container elementor-column-gap-default\">\n\t\t\t\t\t<div class=\"elementor-column elementor-col-100 elementor-top-column elementor-element elementor-element-f1d1414\" data-id=\"f1d1414\" data-element_type=\"column\">\n\t\t\t<div class=\"elementor-widget-wrap elementor-element-populated\">\n\t\t\t\t\t\t\t\t<div class=\"elementor-element elementor-element-35b35ca elementor-widget elementor-widget-heading\" data-id=\"35b35ca\" data-element_type=\"widget\" data-widget_type=\"heading.default\">\n\t\t\t\t<div class=\"elementor-widget-container\">\n\t\t\t<h2 class=\"elementor-heading-title elementor-size-default\">Stacja XIV \u2013 Jezus z\u0142o\u017cony do grobu<\/h2>\t\t<\/div>\n\t\t\t\t<\/div>\n\t\t\t\t<section data-particle_enable=\"false\" data-particle-mobile-disabled=\"false\" class=\"elementor-section elementor-inner-section elementor-element elementor-element-d5be605 elementor-section-content-middle elementor-section-boxed elementor-section-height-default elementor-section-height-default\" data-id=\"d5be605\" data-element_type=\"section\">\n\t\t\t\t\t\t<div class=\"elementor-container elementor-column-gap-default\">\n\t\t\t\t\t<div class=\"elementor-column elementor-col-50 elementor-inner-column elementor-element elementor-element-5e8cb20\" data-id=\"5e8cb20\" data-element_type=\"column\" data-settings=\"{&quot;background_background&quot;:&quot;classic&quot;}\">\n\t\t\t<div class=\"elementor-widget-wrap elementor-element-populated\">\n\t\t\t\t\t\t\t\t<div class=\"elementor-element elementor-element-57c13bf elementor-widget elementor-widget-image\" data-id=\"57c13bf\" data-element_type=\"widget\" data-widget_type=\"image.default\">\n\t\t\t\t<div class=\"elementor-widget-container\">\n\t\t\t\t\t\t\t\t\t\t\t\t\t\t\t<img width=\"768\" height=\"1024\" src=\"https:\/\/parafiazalasowa.pl\/edk\/wp-content\/uploads\/2021\/03\/stacja-14.jpg\" class=\"elementor-animation-float attachment-large size-large\" alt=\"\" loading=\"lazy\" srcset=\"https:\/\/parafiazalasowa.pl\/edk\/wp-content\/uploads\/2021\/03\/stacja-14.jpg 768w, https:\/\/parafiazalasowa.pl\/edk\/wp-content\/uploads\/2021\/03\/stacja-14-270x360.jpg 270w\" sizes=\"(max-width: 768px) 100vw, 768px\" \/>\t\t\t\t\t\t\t\t\t\t\t\t\t\t\t<\/div>\n\t\t\t\t<\/div>\n\t\t\t\t\t<\/div>\n\t\t<\/div>\n\t\t\t\t<div class=\"elementor-column elementor-col-50 elementor-inner-column elementor-element elementor-element-f5da50b\" data-id=\"f5da50b\" data-element_type=\"column\">\n\t\t\t<div class=\"elementor-widget-wrap elementor-element-populated\">\n\t\t\t\t\t\t\t\t<div class=\"elementor-element elementor-element-10551826 elementor-widget elementor-widget-text-editor\" data-id=\"10551826\" data-element_type=\"widget\" data-widget_type=\"text-editor.default\">\n\t\t\t\t<div class=\"elementor-widget-container\">\n\t\t\t\t\t\t\t<p>Gr\u00f3b, najbardziej cicha i tajemnicza przestrze\u0144 bytowania cz\u0142owieka na ziemi. Ty, B\u00f3g- Cz\u0142owiek, wchodzisz w to miejsce, aby tak\u017ce t\u0119 przestrze\u0144 przemieni\u0107, prze\u015bwietli\u0107 swoim blaskiem, odsun\u0105\u0107 od niej przekle\u0144stwo grzechu. Wszystko co ludzkie zosta\u0142o dotkni\u0119te, przemienione, u\u015bwi\u0119cone Twoj\u0105 obecno\u015bci\u0105. Wype\u0142ni\u0142a si\u0119 ostatnia kreska i jota zapowiedzi anio\u0142a danej J\u00f3zefowi: \u201eOn bowiem zbawi sw\u00f3j lud od jego grzech\u00f3w\u201d.<\/p><p>Ostatni wr\u00f3g cz\u0142owieka, \u015bmier\u0107, kt\u00f3ra wesz\u0142a na \u015bwiat przez zawi\u015b\u0107 diab\u0142a, w tym grobie, w Twoim grobie, Panie Jezu, zosta\u0142a pokonana. Zwyci\u0119stwo nale\u017cy do Ciebie, Wcielonego Syna Bo\u017cego, domniemanego Syna J\u00f3zefa z rodu Dawida.<\/p>\t\t\t\t\t\t<\/div>\n\t\t\t\t<\/div>\n\t\t\t\t\t<\/div>\n\t\t<\/div>\n\t\t\t\t\t\t\t<\/div>\n\t\t<\/section>\n\t\t\t\t<div class=\"elementor-element elementor-element-d827126 elementor-widget elementor-widget-text-editor\" data-id=\"d827126\" data-element_type=\"widget\" data-widget_type=\"text-editor.default\">\n\t\t\t\t<div class=\"elementor-widget-container\">\n\t\t\t\t\t\t\t<p>Czy umiem z faktu pustego grobu Chrystusa czerpa\u0107 nadziej\u0119, kt\u00f3ra roz\u015bwietla moje \u017cycie i zbli\u017caj\u0105c\u0105 si\u0119 nieuchronnie \u015bmier\u0107?<\/p><p>Panie Jezu Chryste, wraz ze \u015bw. J\u00f3zefem, Postrachem duch\u00f3w piekielnych, prosz\u0119 Ci\u0119 za wszystkich, kt\u00f3rzy do\u015bwiadczaj\u0105 pokusy zniech\u0119cenia, beznadziei, rozpaczy, aby dotkni\u0119ci blaskiem Twojego zmartwychwstania powstali z duchowej \u015bmierci do pe\u0142ni \u017cycia w Tobie.<\/p>\t\t\t\t\t\t<\/div>\n\t\t\t\t<\/div>\n\t\t\t\t\t<\/div>\n\t\t<\/div>\n\t\t\t\t\t\t\t<\/div>\n\t\t<\/section>\n\t\t\t\t<section data-particle_enable=\"false\" data-particle-mobile-disabled=\"false\" class=\"elementor-section elementor-top-section elementor-element elementor-element-9b2c166 animated-slow elementor-section-boxed elementor-section-height-default elementor-section-height-default elementor-invisible\" data-id=\"9b2c166\" data-element_type=\"section\" data-settings=\"{&quot;background_background&quot;:&quot;classic&quot;,&quot;animation&quot;:&quot;zoomIn&quot;}\">\n\t\t\t\t\t\t<div class=\"elementor-container elementor-column-gap-default\">\n\t\t\t\t\t<div class=\"elementor-column elementor-col-33 elementor-top-column elementor-element elementor-element-06514c4\" data-id=\"06514c4\" data-element_type=\"column\" data-settings=\"{&quot;background_background&quot;:&quot;classic&quot;}\">\n\t\t\t<div class=\"elementor-widget-wrap elementor-element-populated\">\n\t\t\t\t\t\t\t\t<div class=\"elementor-element elementor-element-ceb0199 elementor-align-center elementor-icon-list--layout-traditional elementor-list-item-link-full_width elementor-widget elementor-widget-icon-list\" data-id=\"ceb0199\" data-element_type=\"widget\" data-widget_type=\"icon-list.default\">\n\t\t\t\t<div class=\"elementor-widget-container\">\n\t\t\t\t\t<ul class=\"elementor-icon-list-items\">\n\t\t\t\t\t\t\t<li class=\"elementor-icon-list-item\">\n\t\t\t\t\t\t\t\t\t\t\t<a href=\"https:\/\/parafiazalasowa.pl\/edk\/stacja-13a\/\">\n\n\t\t\t\t\t\t\t\t\t\t\t\t<span class=\"elementor-icon-list-icon\">\n\t\t\t\t\t\t\t<i aria-hidden=\"true\" class=\"far fa-arrow-alt-circle-left\"><\/i>\t\t\t\t\t\t<\/span>\n\t\t\t\t\t\t\t\t\t\t<span class=\"elementor-icon-list-text\">DO TY\u0141U<\/span>\n\t\t\t\t\t\t\t\t\t\t\t<\/a>\n\t\t\t\t\t\t\t\t\t<\/li>\n\t\t\t\t\t\t<\/ul>\n\t\t\t\t<\/div>\n\t\t\t\t<\/div>\n\t\t\t\t\t<\/div>\n\t\t<\/div>\n\t\t\t\t<div class=\"elementor-column elementor-col-33 elementor-top-column elementor-element elementor-element-1781fef\" data-id=\"1781fef\" data-element_type=\"column\" data-settings=\"{&quot;background_background&quot;:&quot;classic&quot;}\">\n\t\t\t<div class=\"elementor-widget-wrap elementor-element-populated\">\n\t\t\t\t\t\t\t\t<div class=\"elementor-element elementor-element-28e6598 elementor-align-center elementor-icon-list--layout-traditional elementor-list-item-link-full_width elementor-widget elementor-widget-icon-list\" data-id=\"28e6598\" data-element_type=\"widget\" data-widget_type=\"icon-list.default\">\n\t\t\t\t<div class=\"elementor-widget-container\">\n\t\t\t\t\t<ul class=\"elementor-icon-list-items\">\n\t\t\t\t\t\t\t<li class=\"elementor-icon-list-item\">\n\t\t\t\t\t\t\t\t\t\t\t<a href=\"https:\/\/parafiazalasowa.pl\/edk\/#stacje\">\n\n\t\t\t\t\t\t\t\t\t\t\t\t<span class=\"elementor-icon-list-icon\">\n\t\t\t\t\t\t\t<i aria-hidden=\"true\" class=\"far fa-arrow-alt-circle-down\"><\/i>\t\t\t\t\t\t<\/span>\n\t\t\t\t\t\t\t\t\t\t<span class=\"elementor-icon-list-text\">POWR\u00d3T<\/span>\n\t\t\t\t\t\t\t\t\t\t\t<\/a>\n\t\t\t\t\t\t\t\t\t<\/li>\n\t\t\t\t\t\t<\/ul>\n\t\t\t\t<\/div>\n\t\t\t\t<\/div>\n\t\t\t\t\t<\/div>\n\t\t<\/div>\n\t\t\t\t<div class=\"elementor-column elementor-col-33 elementor-top-column elementor-element elementor-element-305d0bf\" data-id=\"305d0bf\" data-element_type=\"column\" data-settings=\"{&quot;background_background&quot;:&quot;classic&quot;}\">\n\t\t\t<div class=\"elementor-widget-wrap elementor-element-populated\">\n\t\t\t\t\t\t\t\t<div class=\"elementor-element elementor-element-b05ca9a elementor-align-center elementor-icon-list--layout-traditional elementor-list-item-link-full_width elementor-widget elementor-widget-icon-list\" data-id=\"b05ca9a\" data-element_type=\"widget\" data-widget_type=\"icon-list.default\">\n\t\t\t\t<div class=\"elementor-widget-container\">\n\t\t\t\t\t<ul class=\"elementor-icon-list-items\">\n\t\t\t\t\t\t\t<li class=\"elementor-icon-list-item\">\n\t\t\t\t\t\t\t\t\t\t\t<a href=\"https:\/\/parafiazalasowa.pl\/edk\/#end\">\n\n\t\t\t\t\t\t\t\t\t\t\t\t<span class=\"elementor-icon-list-icon\">\n\t\t\t\t\t\t\t<i aria-hidden=\"true\" class=\"far fa-arrow-alt-circle-right\"><\/i>\t\t\t\t\t\t<\/span>\n\t\t\t\t\t\t\t\t\t\t<span class=\"elementor-icon-list-text\">DO PRZODU<\/span>\n\t\t\t\t\t\t\t\t\t\t\t<\/a>\n\t\t\t\t\t\t\t\t\t<\/li>\n\t\t\t\t\t\t<\/ul>\n\t\t\t\t<\/div>\n\t\t\t\t<\/div>\n\t\t\t\t\t<\/div>\n\t\t<\/div>\n\t\t\t\t\t\t\t<\/div>\n\t\t<\/section>\n\t\t\t\t\t\t\t<\/div>\n\t\t","protected":false},"excerpt":{"rendered":"<p>Stacja XIV \u2013 Jezus z\u0142o\u017cony do grobu Gr\u00f3b, najbardziej cicha i tajemnicza przestrze\u0144 bytowania cz\u0142owieka na ziemi. Ty, B\u00f3g- Cz\u0142owiek, wchodzisz w to miejsce, aby tak\u017ce t\u0119 przestrze\u0144 przemieni\u0107, prze\u015bwietli\u0107 swoim blaskiem, odsun\u0105\u0107 od niej przekle\u0144stwo grzechu. Wszystko co ludzkie zosta\u0142o dotkni\u0119te, przemienione, u\u015bwi\u0119cone Twoj\u0105 obecno\u015bci\u0105. Wype\u0142ni\u0142a si\u0119 ostatnia kreska i jota zapowiedzi anio\u0142a danej [&hellip;]<\/p>\n","protected":false},"author":1,"featured_media":0,"parent":0,"menu_order":24,"comment_status":"closed","ping_status":"closed","template":"templates\/landing.php","meta":[],"_links":{"self":[{"href":"https:\/\/parafiazalasowa.pl\/edk\/wp-json\/wp\/v2\/pages\/588"}],"collection":[{"href":"https:\/\/parafiazalasowa.pl\/edk\/wp-json\/wp\/v2\/pages"}],"about":[{"href":"https:\/\/parafiazalasowa.pl\/edk\/wp-json\/wp\/v2\/types\/page"}],"author":[{"embeddable":true,"href":"https:\/\/parafiazalasowa.pl\/edk\/wp-json\/wp\/v2\/users\/1"}],"replies":[{"embeddable":true,"href":"https:\/\/parafiazalasowa.pl\/edk\/wp-json\/wp\/v2\/comments?post=588"}],"version-history":[{"count":19,"href":"https:\/\/parafiazalasowa.pl\/edk\/wp-json\/wp\/v2\/pages\/588\/revisions"}],"predecessor-version":[{"id":748,"href":"https:\/\/parafiazalasowa.pl\/edk\/wp-json\/wp\/v2\/pages\/588\/revisions\/748"}],"wp:attachment":[{"href":"https:\/\/parafiazalasowa.pl\/edk\/wp-json\/wp\/v2\/media?parent=588"}],"curies":[{"name":"wp","href":"https:\/\/api.w.org\/{rel}","templated":true}]}}